{"id":2047,"date":"2022-09-08T10:46:26","date_gmt":"2022-09-08T14:46:26","guid":{"rendered":"https:\/\/e8888-13730204208.futehost.ca\/produit\/black-metal-console\/"},"modified":"2022-10-17T23:37:39","modified_gmt":"2022-10-18T03:37:39","slug":"black-metal-console-2","status":"publish","type":"product","link":"https:\/\/editions8888.com\/en\/produit\/black-metal-console-2\/","title":{"rendered":"Black Metal I: Console"},"content":{"rendered":"<p>100% steel. Functional sculpture. Hyper-thin top, legs really thicc. Japanese postmodernism\/Contemporary Black Metal\/KVLT AF. Designed by Jean-Michel Gadoua &amp; Guillaume M\u00e9nard, assisted by Carola Leibl-C\u00f4t\u00e9.<\/p>\n","protected":false},"excerpt":{"rendered":"<p>100% steel. Functional sculpture. Hyper-thin top, legs really thicc. Japanese postmodernism\/Contemporary Black Metal\/KVLT AF. Designed by Jean-Michel Gadoua &amp; Guillaume M\u00e9nard, assisted by Carola Leibl-C\u00f4t\u00e9.<\/p>\n","protected":false},"featured_media":1300,"comment_status":"open","ping_status":"closed","template":"","meta":{"site-sidebar-layout":"default","site-content-layout":"default","ast-global-header-display":"","ast-main-header-display":"","ast-hfb-above-header-display":"","ast-hfb-below-header-display":"","ast-hfb-mobile-header-display":"","site-post-title":"","ast-breadcrumbs-content":"","ast-featured-img":"","footer-sml-layout":"","theme-transparent-header-meta":"default","adv-header-id-meta":"","stick-header-meta":"","header-above-stick-meta":"","header-main-stick-meta":"","header-below-stick-meta":""},"product_cat":[66],"product_tag":[],"collections":[],"_links":{"self":[{"href":"https:\/\/editions8888.com\/en\/wp-json\/wp\/v3\/product\/2047"}],"collection":[{"href":"https:\/\/editions8888.com\/en\/wp-json\/wp\/v3\/product"}],"about":[{"href":"https:\/\/editions8888.com\/en\/wp-json\/wp\/v2\/types\/product"}],"replies":[{"embeddable":true,"href":"https:\/\/editions8888.com\/en\/wp-json\/wp\/v2\/comments?post=2047"}],"wp:featuredmedia":[{"embeddable":true,"href":"https:\/\/editions8888.com\/en\/wp-json\/wp\/v2\/media\/1300"}],"wp:attachment":[{"href":"https:\/\/editions8888.com\/en\/wp-json\/wp\/v2\/media?parent=2047"}],"wp:term":[{"taxonomy":"product_cat","embeddable":true,"href":"https:\/\/editions8888.com\/en\/wp-json\/wp\/v2\/product_cat?post=2047"},{"taxonomy":"product_tag","embeddable":true,"href":"https:\/\/editions8888.com\/en\/wp-json\/wp\/v2\/product_tag?post=2047"},{"taxonomy":"collections","embeddable":true,"href":"https:\/\/editions8888.com\/en\/wp-json\/wp\/v2\/collections?post=2047"}],"curies":[{"name":"wp","href":"https:\/\/api.w.org\/{rel}","templated":true}]}}